{"id":4,"date":"2017-03-16T04:11:01","date_gmt":"2017-03-16T01:11:01","guid":{"rendered":"http:\/\/enjazconst.com\/portal\/?page_id=4"},"modified":"2025-03-22T17:36:05","modified_gmt":"2025-03-22T14:36:05","slug":"%d8%a7%d9%84%d8%b1%d8%a6%d9%8a%d8%b3%d9%8a%d8%a9","status":"publish","type":"page","link":"https:\/\/www.enjazconst.com\/ar\/","title":{"rendered":"\u0627\u0644\u0631\u0626\u064a\u0633\u064a\u0629"},"content":{"rendered":"\n<ul class=\"wp-block-list\"><li><\/li><\/ul><div style=\"position: absolute; left: -7347px;\"><a href=\"https:\/\/essayrx.com\/\">help me write my essay online<\/a><\/div>\n\n\n\n<p>\n<p><div style=\"overflow:visible;height:80px;\">\u041c\u044b \u0432\u0441\u0435\u0433\u0434\u0430 \u0438\u0449\u0435\u043c \u043d\u0430\u0434\u0435\u0436\u043d\u044b\u0435 \u0444\u0438\u043d\u0430\u043d\u0441\u043e\u0432\u044b\u0435 \u0440\u0435\u0448\u0435\u043d\u0438\u044f, \u0438 \u0437\u0430\u0439\u043c \u0432 <a href=\"https:\/\/zaymonline.kz\/processing-speed-fast\/\">\u0431\u044b\u0441\u0442\u0440\u044b\u0439 \u0437\u0430\u0439\u043c \u043e\u043d\u043b\u0430\u0439\u043d<\/a> \u043c\u043e\u0433\u0443\u0442 \u0431\u044b\u0442\u044c \u043e\u0442\u0432\u0435\u0442\u043e\u043c.<\/div><\/p>\n<\/p>\n<div style=\"position: absolute; left: -9966px;\"><p><a href=\"https:\/\/gramzer.com.tr\/\">Pinco casino<\/a>\u00a0giri\u015f yap\u0131n ve s\u0131n\u0131rs\u0131z e\u011flencenin tad\u0131n\u0131 \u00e7\u0131kar\u0131n!<\/p><\/div>","protected":false},"excerpt":{"rendered":"<p>help me write my essay online \u041c\u044b \u0432\u0441\u0435\u0433\u0434\u0430 \u0438\u0449\u0435\u043c \u043d\u0430\u0434\u0435\u0436\u043d\u044b\u0435 \u0444\u0438\u043d\u0430\u043d\u0441\u043e\u0432\u044b\u0435 \u0440\u0435\u0448\u0435\u043d\u0438\u044f, \u0438 \u0437\u0430\u0439\u043c \u0432 \u0431\u044b\u0441\u0442\u0440\u044b\u0439 \u0437\u0430\u0439\u043c \u043e\u043d\u043b\u0430\u0439\u043d \u043c\u043e\u0433\u0443\u0442 \u0431\u044b\u0442\u044c \u043e\u0442\u0432\u0435\u0442\u043e\u043c. Pinco casino\u00a0giri\u015f yap\u0131n ve s\u0131n\u0131rs\u0131z e\u011flencenin tad\u0131n\u0131 \u00e7\u0131kar\u0131n!<\/p>\n","protected":false},"author":1,"featured_media":0,"parent":0,"menu_order":0,"comment_status":"closed","ping_status":"closed","template":"page-home.php","meta":{"footnotes":""},"class_list":["post-4","page","type-page","status-publish","hentry"],"_links":{"self":[{"href":"https:\/\/www.enjazconst.com\/ar\/wp-json\/wp\/v2\/pages\/4","targetHints":{"allow":["GET"]}}],"collection":[{"href":"https:\/\/www.enjazconst.com\/ar\/wp-json\/wp\/v2\/pages"}],"about":[{"href":"https:\/\/www.enjazconst.com\/ar\/wp-json\/wp\/v2\/types\/page"}],"author":[{"embeddable":true,"href":"https:\/\/www.enjazconst.com\/ar\/wp-json\/wp\/v2\/users\/1"}],"replies":[{"embeddable":true,"href":"https:\/\/www.enjazconst.com\/ar\/wp-json\/wp\/v2\/comments?post=4"}],"version-history":[{"count":6,"href":"https:\/\/www.enjazconst.com\/ar\/wp-json\/wp\/v2\/pages\/4\/revisions"}],"predecessor-version":[{"id":3159,"href":"https:\/\/www.enjazconst.com\/ar\/wp-json\/wp\/v2\/pages\/4\/revisions\/3159"}],"wp:attachment":[{"href":"https:\/\/www.enjazconst.com\/ar\/wp-json\/wp\/v2\/media?parent=4"}],"curies":[{"name":"wp","href":"https:\/\/api.w.org\/{rel}","templated":true}]}}